{"id":7318,"date":"2023-04-27T09:42:17","date_gmt":"2023-04-27T07:42:17","guid":{"rendered":"https:\/\/coin-store-nft.com\/produkt\/kama-sutra-iii-moments-damour-3000-francs-cameroun-2021-3oz-piece-dargent\/"},"modified":"2023-06-01T00:05:29","modified_gmt":"2023-05-31T22:05:29","slug":"kama-sutra-iii-moments-of-love-3000-francs-cameroon-2021-3oz-silbermuenze","status":"publish","type":"product","link":"https:\/\/coin-store-nft.com\/fr\/produkt\/kama-sutra-iii-moments-of-love-3000-francs-cameroon-2021-3oz-silbermuenze\/","title":{"rendered":"KAMA SUTRA III Moments d&rsquo;Amour 3000 Francs Cameroun 2021 &#8211; 3Oz pi\u00e8ce d&rsquo;argent"},"content":{"rendered":"<p>&nbsp;<\/p>\n<div style=\"width: 640px;\" class=\"wp-video\"><!--[if lt IE 9]><script>document.createElement('video');<\/script><![endif]-->\n<video class=\"wp-video-shortcode\" id=\"video-7318-1\" width=\"640\" height=\"360\" autoplay=\"1\" preload=\"metadata\" controls=\"controls\"><source type=\"video\/webm\" src=\"https:\/\/coin-store-nft.com\/wp-content\/uploads\/2023\/04\/Kama-Sutra-III-Small.webm?_=1\" \/><a href=\"https:\/\/coin-store-nft.com\/wp-content\/uploads\/2023\/04\/Kama-Sutra-III-Small.webm\">https:\/\/coin-store-nft.com\/wp-content\/uploads\/2023\/04\/Kama-Sutra-III-Small.webm<\/a><\/video><\/div>\n<p>KAMA SUTRA III Moments d&rsquo;Amour 3000 Francs Cameroun 2021 &#8211; 3Oz pi\u00e8ce d&rsquo;argent<\/p>\n<p>L&rsquo;avers de l&rsquo;\u00e9tonnante pi\u00e8ce de collection en argent repr\u00e9sente deux amants dans un moment intense d&rsquo;\u00e9rotisme et de d\u00e9sir. Sur le fond des gens un beau motif floral color\u00e9. Au bas de l&rsquo;avers se trouve l&rsquo;inscription \u00ab\u00a0KAMA SUTRA\u00a0\u00bb &#8211; le nom de la pi\u00e8ce et \u00ab\u00a0Moments of Love\u00a0\u00bb &#8211; \u200b\u200b\u200b\u200ble nom de la s\u00e9rie. Le revers de la pi\u00e8ce montre les visages des deux amants, l&rsquo;homme et une femme, sur un dessin floral et les inscriptions : \u00ab\u00a0REPUBLIQUE DU CAMEROUN\u00a0\u00bb &#8211; le pays d&rsquo;\u00e9mission, \u00ab\u00a02021\u00a0\u00bb &#8211; l&rsquo;ann\u00e9e d&rsquo;\u00e9mission et \u00ab\u00a03000 FRANCS CFA\u00a0\u00bb &#8211; la valeur nominale.<\/p>\n<p>Cet objet de collection exceptionnel est livr\u00e9 complet avec le NFT#1 et un manuel.<\/p>\n<p>\u00c9dition limit\u00e9e &#8211; seulement 3 NFT dans le monde.<\/p>\n","protected":false},"excerpt":{"rendered":"<p>&nbsp; KAMA SUTRA III Moments d&rsquo;Amour 3000 Francs Cameroun 2021 &#8211; 3Oz pi\u00e8ce d&rsquo;argent L&rsquo;avers de l&rsquo;\u00e9tonnante pi\u00e8ce de collection en argent repr\u00e9sente deux amants dans un moment intense d&rsquo;\u00e9rotisme et de d\u00e9sir. Sur le fond des gens un beau motif floral color\u00e9. Au bas de l&rsquo;avers se trouve l&rsquo;inscription \u00ab\u00a0KAMA SUTRA\u00a0\u00bb &#8211; le nom [&hellip;]<\/p>\n","protected":false},"featured_media":7163,"comment_status":"closed","ping_status":"closed","template":"","meta":{"inline_featured_image":false},"product_brand":[],"product_cat":[849,323],"product_tag":[],"class_list":{"0":"post-7318","1":"product","2":"type-product","3":"status-publish","4":"has-post-thumbnail","6":"product_cat-kama-sutra-fr","7":"product_cat-monnaie","8":"pa_anzahl-muenzen-weltweit-500-fr","9":"pa_anzahl-nft-weltweit-3-fr","10":"pa_echtheitszertifikat-oui","11":"pa_gewicht-der-muenze-3-oz-8504-g-fr","12":"pa_herstellungsland-cameroon-fr","13":"pa_material-muenze-argent-0-999","14":"pa_muenzdurchmesser-mm-3-oz-fr","15":"pa_nennwert-muenze-3000-francs-fr","16":"pa_oberflaechenbeschaffenheit-finition-antique-fr","17":"pa_praegejahr-der-muenze-2021-fr","19":"first","20":"instock","21":"sold-individually","22":"purchasable","23":"product-type-simple"},"jetpack_sharing_enabled":true,"_links":{"self":[{"href":"https:\/\/coin-store-nft.com\/fr\/wp-json\/wp\/v2\/product\/7318"}],"collection":[{"href":"https:\/\/coin-store-nft.com\/fr\/wp-json\/wp\/v2\/product"}],"about":[{"href":"https:\/\/coin-store-nft.com\/fr\/wp-json\/wp\/v2\/types\/product"}],"replies":[{"embeddable":true,"href":"https:\/\/coin-store-nft.com\/fr\/wp-json\/wp\/v2\/comments?post=7318"}],"wp:featuredmedia":[{"embeddable":true,"href":"https:\/\/coin-store-nft.com\/fr\/wp-json\/wp\/v2\/media\/7163"}],"wp:attachment":[{"href":"https:\/\/coin-store-nft.com\/fr\/wp-json\/wp\/v2\/media?parent=7318"}],"wp:term":[{"taxonomy":"product_brand","embeddable":true,"href":"https:\/\/coin-store-nft.com\/fr\/wp-json\/wp\/v2\/product_brand?post=7318"},{"taxonomy":"product_cat","embeddable":true,"href":"https:\/\/coin-store-nft.com\/fr\/wp-json\/wp\/v2\/product_cat?post=7318"},{"taxonomy":"product_tag","embeddable":true,"href":"https:\/\/coin-store-nft.com\/fr\/wp-json\/wp\/v2\/product_tag?post=7318"}],"curies":[{"name":"wp","href":"https:\/\/api.w.org\/{rel}","templated":true}]}}