{"id":7386,"date":"2023-05-06T23:02:26","date_gmt":"2023-05-06T21:02:26","guid":{"rendered":"https:\/\/coin-store-nft.com\/?post_type=product&#038;p=7386"},"modified":"2024-10-16T15:19:26","modified_gmt":"2024-10-16T13:19:26","slug":"nft-st-aloysius-carved-skull1-3","status":"publish","type":"product","link":"https:\/\/coin-store-nft.com\/fr\/produkt\/nft-st-aloysius-carved-skull1-3\/","title":{"rendered":"NFT St. Aloysius Carved Skull#1\/3"},"content":{"rendered":"<div style=\"width: 800px;\" class=\"wp-video\"><!--[if lt IE 9]><script>document.createElement('video');<\/script><![endif]-->\n<video class=\"wp-video-shortcode\" id=\"video-7386-1\" width=\"800\" height=\"450\" preload=\"metadata\" controls=\"controls\"><source type=\"video\/webm\" src=\"https:\/\/coin-store-nft.com\/wp-content\/uploads\/2023\/05\/St.Aloysius-Carved-Skull.webm?_=1\" \/><a href=\"https:\/\/coin-store-nft.com\/wp-content\/uploads\/2023\/05\/St.Aloysius-Carved-Skull.webm\">https:\/\/coin-store-nft.com\/wp-content\/uploads\/2023\/05\/St.Aloysius-Carved-Skull.webm<\/a><\/video><\/div>\n<p><a href=\"https:\/\/solsea.io\/n\/6MRXQN3vTS3wsAtqtUrqtkUNnD8NLEB9jPf3zdjhVYu6\/\" target=\"_blank\" rel=\"noopener\">https:\/\/solsea.io\/n\/6MRXQN3vTS3wsAtqtUrqtkUNnD8NLEB9jPf3zdjhVYu6\/<\/a><\/p>\n<p>NFT St. Aloysius Carved Skull#1\/3<\/p>\n<p>Die Vorderseite der M\u00fcnze zeigt das sch\u00f6ne geschnitzte Profil eines Sch\u00e4dels, der Symbole darstellt, die dem italienischen Jesuiten St. Aloysius Gonzaga gewidmet sind, auf einem unglaublich detailreich gestalteten Hintergrund. Auf der Unterseite der der Vorderseite befindet sich die Inschrift: \u00ab\u00a0GESCHNITZTER SCH\u00c4DEL DES HEILIGEN ALOYSIUS GONZAGA\u00a0\u00bb &#8211; der Name der M\u00fcnze. Die R\u00fcckseite der M\u00fcnze zeigt das Wappen von Kamerun und die Inschriften: \u00ab\u00a0REPUBLIQUE DU CAMEROUN\u00a0\u00bb \u2013 das Ausgabeland, \u00ab\u00a01000 FRANCS CFA\u00a0\u00bb \u2013 der Nennwert und \u00ab\u00a02018\u00a0\u00bb \u2013 das Ausgabejahr.<\/p>\n","protected":false},"excerpt":{"rendered":"<p>CARVED SKULL Bones Silberm\u00fcnze 1 Oz<\/p>\n","protected":false},"featured_media":7390,"comment_status":"open","ping_status":"closed","template":"","meta":{"inline_featured_image":false},"product_brand":[],"product_cat":[100,160],"product_tag":[],"class_list":{"0":"post-7386","1":"product","2":"type-product","3":"status-publish","4":"has-post-thumbnail","6":"product_cat-nft","7":"product_cat-skull-coins-2","8":"pa_anzahl-muenzen-weltweit-174","9":"pa_anzahl-nft-weltweit-3-nfts-weltweit","10":"pa_echtheitszertifikat-ja","11":"pa_gewicht-der-muenze-groesser-1-oz","12":"pa_herstellungsland-cameroon","13":"pa_material-muenze-silber-0-999","14":"pa_oberflaechenbeschaffenheit-antikes-finish","15":"pa_praegejahr-der-muenze-132","17":"first","18":"instock","19":"featured","20":"taxable","21":"shipping-taxable","22":"purchasable","23":"product-type-simple"},"jetpack_sharing_enabled":true,"_links":{"self":[{"href":"https:\/\/coin-store-nft.com\/fr\/wp-json\/wp\/v2\/product\/7386"}],"collection":[{"href":"https:\/\/coin-store-nft.com\/fr\/wp-json\/wp\/v2\/product"}],"about":[{"href":"https:\/\/coin-store-nft.com\/fr\/wp-json\/wp\/v2\/types\/product"}],"replies":[{"embeddable":true,"href":"https:\/\/coin-store-nft.com\/fr\/wp-json\/wp\/v2\/comments?post=7386"}],"wp:featuredmedia":[{"embeddable":true,"href":"https:\/\/coin-store-nft.com\/fr\/wp-json\/wp\/v2\/media\/7390"}],"wp:attachment":[{"href":"https:\/\/coin-store-nft.com\/fr\/wp-json\/wp\/v2\/media?parent=7386"}],"wp:term":[{"taxonomy":"product_brand","embeddable":true,"href":"https:\/\/coin-store-nft.com\/fr\/wp-json\/wp\/v2\/product_brand?post=7386"},{"taxonomy":"product_cat","embeddable":true,"href":"https:\/\/coin-store-nft.com\/fr\/wp-json\/wp\/v2\/product_cat?post=7386"},{"taxonomy":"product_tag","embeddable":true,"href":"https:\/\/coin-store-nft.com\/fr\/wp-json\/wp\/v2\/product_tag?post=7386"}],"curies":[{"name":"wp","href":"https:\/\/api.w.org\/{rel}","templated":true}]}}